{"id":10,"date":"2018-11-07T10:33:34","date_gmt":"2018-11-07T09:33:34","guid":{"rendered":"https:\/\/www.mc-events.eu\/?page_id=10"},"modified":"2019-03-17T21:36:02","modified_gmt":"2019-03-17T20:36:02","slug":"datenschutz","status":"publish","type":"page","link":"https:\/\/www.mc-events.eu\/it\/datenschutz\/","title":{"rendered":"Informativa sulla privacy"},"content":{"rendered":"<div  class=\"ivan-custom-wrapper theme_default row-no-custom-ptop\"  style=\"\"><div class=\"vc_row wpb_row vc_row-fluid\">\n\t<div class=\"vc_col-sm-12 wpb_column vc_column_container\"  data-wow-delay=\"0ms\">\n\t\t<div class=\"wpb_wrapper\">\n\t\t\t\n\t<div class=\"wpb_text_column wpb_content_element\" >\n\t\t<div class=\"wpb_wrapper\">\n\t\t\t<h4><span style=\"color: #333333;\">Datenschutzerkl\u00e4rung<\/span><\/h4>\n<p><span style=\"color: #333333;\">Wir haben diese Datenschutzerkl\u00e4rung (Fassung 13.11.2018-211078752) verfasst, um Ihnen gem\u00e4\u00df der Vorgaben der Datenschutz-Grundverordnung (EU) 2016\/679 und dem\u00a0<a style=\"color: #333333;\" href=\"https:\/\/www.ris.bka.gv.at\/GeltendeFassung.wxe?Abfrage=Bundesnormen&amp;Gesetzesnummer=10001597&amp;tid=211078752\">Datenschutzgesetz (DSG)<\/a>\u00a0zu erkl\u00e4ren, welche Informationen wir sammeln, wie wir Daten verwenden und welche Entscheidungsm\u00f6glichkeiten Sie als Besucher dieser Webseite haben.<\/span><\/p>\n<p><span style=\"color: #333333;\">Leider liegt es in der Natur der Sache, dass diese Erkl\u00e4rungen sehr technisch klingen, wir haben uns bei der Erstellung jedoch bem\u00fcht die wichtigsten Dinge so einfach und klar wie m\u00f6glich zu beschreiben.<\/span><\/p>\n<h4><span style=\"color: #333333;\">Automatische Datenspeicherung<\/span><\/h4>\n<p><span style=\"color: #333333;\">Wenn Sie heutzutage Webseiten besuchen, werden gewisse Informationen automatisch erstellt und gespeichert, so auch auf dieser Webseite.<\/span><\/p>\n<p><span style=\"color: #333333;\">Wenn Sie unsere Webseite so wie jetzt gerade besuchen, speichert unser Webserver (Computer auf dem diese Webseite gespeichert ist) automatisch Daten wie<\/span><\/p>\n<ul>\n<li><span style=\"color: #333333;\">die Adresse (URL) der aufgerufenen Webseite<\/span><\/li>\n<li><span style=\"color: #333333;\">Browser und Browserversion<\/span><\/li>\n<li><span style=\"color: #333333;\">das verwendete Betriebssystem<\/span><\/li>\n<li><span style=\"color: #333333;\">die Adresse (URL) der zuvor besuchten Seite (Referrer URL)<\/span><\/li>\n<li><span style=\"color: #333333;\">den Hostname und die IP-Adresse des Ger\u00e4ts von welchem aus zugegriffen wird<\/span><\/li>\n<li><span style=\"color: #333333;\">Datum und Uhrzeit<\/span><\/li>\n<\/ul>\n<p><span style=\"color: #333333;\">in Dateien (Webserver-Logfiles).<\/span><\/p>\n<p><span style=\"color: #333333;\">In der Regel werden Webserver-Logfiles zwei Wochen gespeichert und danach automatisch gel\u00f6scht. Wir geben diese Daten nicht weiter, k\u00f6nnen jedoch nicht ausschlie\u00dfen, dass diese Daten beim Vorliegen von rechtswidrigem Verhalten eingesehen werden.<\/span><br \/>\n<span style=\"color: #333333;\">Die Rechtsgrundlage besteht nach\u00a0<a style=\"color: #333333;\" href=\"https:\/\/eur-lex.europa.eu\/legal-content\/DE\/TXT\/HTML\/?uri=CELEX:32016R0679&amp;from=DE&amp;tid=211078752\">Artikel 6\u00a0 Absatz 1 f DSGVO<\/a>\u00a0(Rechtm\u00e4\u00dfigkeit der Verarbeitung) darin, dass berechtigtes Interesse daran besteht, den fehlerfreien Betrieb dieser Webseite durch das Erfassen von Webserver-Logfiles zu erm\u00f6glichen.<\/span><\/p>\n<h4><span style=\"color: #333333;\">Rechte laut Datenschutzgrundverordnung<\/span><\/h4>\n<p><span style=\"color: #333333;\">Ihnen stehen laut den Bestimmungen der DSGVO und des \u00f6sterreichischen\u00a0<a style=\"color: #333333;\" href=\"https:\/\/www.ris.bka.gv.at\/GeltendeFassung.wxe?Abfrage=Bundesnormen&amp;Gesetzesnummer=10001597&amp;tid=211078752\">Datenschutzgesetzes (DSG)<\/a>\u00a0grunds\u00e4tzlich die folgende Rechte zu:<\/span><\/p>\n<ul>\n<li><span style=\"color: #333333;\">Recht auf Berichtung (Artikel 16 DSGVO)<\/span><\/li>\n<li><span style=\"color: #333333;\">Recht auf L\u00f6schung (\u201eRecht auf Vergessenwerden\u201c) (Artikel 17 DSGVO)<\/span><\/li>\n<li><span style=\"color: #333333;\">Recht auf Einschr\u00e4nkung der Verarbeitung (Artikel 18 DSGVO)<\/span><\/li>\n<li><span style=\"color: #333333;\">Recht auf Benachrichtigung \u2013 Mitteilungspflicht im Zusammenhang mit der Berichtigung oder L\u00f6schung personenbezogener Daten oder der Einschr\u00e4nkung der Verarbeitung (Artikel 19 DSGVO)<\/span><\/li>\n<li><span style=\"color: #333333;\">Recht auf Daten\u00fcbertragbarkeit (Artikel 20 DSGVO)<\/span><\/li>\n<li><span style=\"color: #333333;\">Widerspruchsrecht (Artikel 21 DSGVO)<\/span><\/li>\n<li><span style=\"color: #333333;\">Recht, nicht einer ausschlie\u00dflich auf einer automatisierten Verarbeitung \u2014 einschlie\u00dflich Profiling \u2014 beruhenden Entscheidung unterworfen zu werden (Artikel 22 DSGVO)<\/span><\/li>\n<\/ul>\n<p><span style=\"color: #333333;\">Wenn Sie glauben, dass die Verarbeitung Ihrer Daten gegen das Datenschutzrecht verst\u00f6\u00dft oder Ihre datenschutzrechtlichen Anspr\u00fcche sonst in einer Weise verletzt worden sind, k\u00f6nnen Sie sich bei der Aufsichtsbeh\u00f6rde beschweren, welche in \u00d6sterreich die Datenschutzbeh\u00f6rde ist, deren Webseite Sie unter\u00a0<a style=\"color: #333333;\" href=\"https:\/\/www.dsb.gv.at\/?tid=211078752\">https:\/\/www.dsb.gv.at\/<\/a>\u00a0finden.<\/span><\/p>\n<h4><span style=\"color: #333333;\">TLS-Verschl\u00fcsselung mit https<\/span><\/h4>\n<p><span style=\"color: #333333;\">Wir verwenden https um Daten abh\u00f6rsicher im Internet zu \u00fcbertragen (Datenschutz durch Technikgestaltung\u00a0<a style=\"color: #333333;\" href=\"https:\/\/eur-lex.europa.eu\/legal-content\/DE\/TXT\/HTML\/?uri=CELEX:32016R0679&amp;from=DE&amp;tid=211078752\">Artikel 25 Absatz 1 DSGVO<\/a>). Durch den Einsatz von TLS (Transport Layer Security), einem Verschl\u00fcsselungsprotokoll zur sicheren Daten\u00fcbertragung im Internet k\u00f6nnen wir den Schutz vertraulicher Daten sicherstellen. Sie erkennen die Benutzung dieser Absicherung der Daten\u00fcbertragung am kleinen Schlo\u00dfsymbol links oben im Browser und der Verwendung des Schemas https (anstatt http) als Teil unserer Internetadresse.<\/span><\/p>\n<h4><span style=\"color: #333333;\">Cookies<\/span><\/h4>\n<p><span style=\"color: #333333;\">Unsere Website verwendet HTTP-Cookies um nutzerspezifische Daten zu speichern.<\/span><br \/>\n<span style=\"color: #333333;\">Ein Cookie ist ein kurzes Datenpaket, welches zwischen Webbrowser und Webserver ausgetauscht wird, f\u00fcr diese aber v\u00f6llig bedeutungslos ist und erst f\u00fcr die Webanwendung, z. B. einen Online-Shop, eine Bedeutung erh\u00e4lt, etwa den Inhalt eines virtuellen Warenkorbes.<\/span><\/p>\n<p><span style=\"color: #333333;\">Es gibt zwei Arten von Cookies: Erstanbieter-Cookies werden von unserer Website erstellt, Drittanbieter-Cookies werden von anderen Websites (z. B. Google Analytics) erstellt.<\/span><br \/>\n<span style=\"color: #333333;\">Beispielhafte Cookiedaten:<\/span><\/p>\n<ul>\n<li><span style=\"color: #333333;\">Name: _ga<\/span><\/li>\n<li><span style=\"color: #333333;\">Ablaufzeit: 2 Jahre<\/span><\/li>\n<li><span style=\"color: #333333;\">Verwendung: Unterscheidung der Webseitenbesucher<\/span><\/li>\n<li><span style=\"color: #333333;\">Beispielhafter Wert:\u00a0GA1.2.1326744211.152211078752<\/span><\/li>\n<\/ul>\n<p><span style=\"color: #333333;\">Man unterscheidet drei Kategorien von Cookies: unbedingt notwendige Cookies um grundlegende Funktionen der Website sicherzustellen, funktionelle Cookies um die Leistung der Webseite sicherzustellen und zielorientierte Cookies um das Benutzererlebnis zu verbessern.<\/span><\/p>\n<p><span style=\"color: #333333;\">Wir nutzen Cookies, um unsere Webseite nutzerfreundlicher zu gestalten. Einige Cookies bleiben auf Ihrem Endger\u00e4t gespeichert, bis Sie diese l\u00f6schen. Sie erm\u00f6glichen es uns, Ihren Browser beim n\u00e4chsten Besuch wiederzuerkennen.<\/span><\/p>\n<h4><span style=\"color: #333333;\">Cookie Einstellungen sehen und Cookies l\u00f6schen<\/span><\/h4>\n<p><span style=\"color: #333333;\">Wenn Sie feststellen m\u00f6chten, welche Cookies in Ihrem Browser gespeichert wurden, Cookie-Einstellungen \u00e4ndern oder Cookies l\u00f6schen m\u00f6chten, k\u00f6nnen Sie dies in Ihren Browser-Einstellungen finden:<\/span><\/p>\n<ul>\n<li><span style=\"color: #333333;\"><a style=\"color: #333333;\" href=\"https:\/\/support.apple.com\/kb\/ph21411?locale=de_AT\">Safari: Verwalten von Cookies und Websitedaten mit Safari<\/a><\/span><\/li>\n<li><span style=\"color: #333333;\"><a style=\"color: #333333;\" href=\"https:\/\/support.mozilla.org\/de\/kb\/cookies-loeschen-daten-von-websites-entfernen\">Firefox: Cookies l\u00f6schen, um Daten zu entfernen, die Websites auf Ihrem Computer abgelegt haben<\/a><\/span><\/li>\n<li><span style=\"color: #333333;\"><a style=\"color: #333333;\" href=\"https:\/\/support.google.com\/chrome\/answer\/95647?co=GENIE.Platform%3DDesktop&amp;hl=de\">Chrome: Cookies in Chrome l\u00f6schen, aktivieren und verwalten<\/a><\/span><\/li>\n<li><span style=\"color: #333333;\"><a style=\"color: #333333;\" href=\"https:\/\/support.microsoft.com\/de-at\/help\/17442\/windows-internet-explorer-delete-manage-cookies\">Internet Explorer: L\u00f6schen und Verwalten von Cookies<\/a><\/span><\/li>\n<\/ul>\n<p><span style=\"color: #333333;\">Wenn Sie die Speicherung von Daten in Cookies nicht w\u00fcnschen, so k\u00f6nnen Sie Ihren Browser so einrichten, dass er Sie \u00fcber das Setzen von Cookies informiert und Sie dies nur im Einzelfall erlauben.\u00a0Sie k\u00f6nnen jederzeit Cookies, die sich bereits auf Ihrem Computer befinden, l\u00f6schen oder Cookies deaktivieren. Die Vorgangsweise dazu ist nach Browser unterschiedlich, am besten Sie suchen die Anleitung in Google mit dem Suchbegriff \u201cCookies l\u00f6schen Chrome\u201d oder \u201eCookies deaktivieren Chrome\u201c im Falle eines Chrome Browsers oder tauschen das Wort \u201eChrome\u201c gegen den Namen Ihres Browsers, z. B. Edge, Firefox, Safari aus.<\/span><br \/>\n<span style=\"color: #333333;\">Wenn Sie uns generell nicht gestatten, Cookies zu nutzen, d.h. diese per Browsereinstellung deaktivieren, k\u00f6nnen manche Funktionen und Seiten nicht wie erwartet funktionieren.<\/span><\/p>\n<h4 class=\"adsimple-211079115\">Google Fonts Datenschutzerkl\u00e4rung<\/h4>\n<p>Wir verwenden Google Fonts der Firma Google Inc. (1600 Amphitheatre Parkway Mountain View, CA 94043, USA) auf unserer Webseite. Die Verwendung von Google Fonts erfolgt ohne Authentisierung und es werden keine Cookies and die Google Fonts API gesendet. Sollten Sie ein Konto bei Google haben, werden keine Ihrer Google-Kontodaten an Google w\u00e4hrend der Nutzung von Google Fonts \u00fcbermittelt. Google erfasst lediglich die Nutzung von CSS und der verwendeten Fonts und speichert diese Daten sicher. Mehr zu diesen und weiteren Fragen finden Sie auf\u00a0<a class=\"adsimple-211079115\" href=\"https:\/\/developers.google.com\/fonts\/faq\" rel=\"nofollow\">https:\/\/developers.google.com\/fonts\/faq?tid=211079115<\/a>.<\/p>\n<p>Welche Daten von Google erfasst werden und wof\u00fcr diese Daten verwendet werden, k\u00f6nnen Sie auf\u00a0<a class=\"adsimple-211079115\" href=\"https:\/\/www.google.com\/intl\/de\/policies\/privacy\/\" rel=\"nofollow\">https:\/\/www.google.com\/intl\/de\/policies\/privacy\/<\/a>\u00a0nachlesen.<\/p>\n<p><span style=\"color: #333333;\">Quelle: Erstellt\u00a0mit dem\u00a0<a style=\"color: #333333;\" href=\"https:\/\/www.firmenwebseiten.at\/datenschutz-generator\/\">Datenschutz Generator von firmenwebseiten.at<\/a>\u00a0in Kooperation mit\u00a0<a style=\"color: #333333;\" href=\"https:\/\/www.hashtagmode.at\/\">hashtagmode.at<\/a><\/span><\/p>\n\n\t\t<\/div>\n\t<\/div>\n\n\t\t<\/div> <!-- END .wpb_wrapper -->\n\t<\/div> <!-- END  wpb_column vc_column_container  -->\n<\/div><\/div><div  class=\"ivan-custom-wrapper theme_default row-no-custom-ptop\"  style=\"\"><div class=\"vc_row wpb_row vc_row-fluid\">\n\t<div class=\"vc_col-sm-12 wpb_column vc_column_container\"  data-wow-delay=\"0ms\">\n\t\t<div class=\"wpb_wrapper\">\n\t\t\t\n\t\t\t\n\t\t\t\n\t\t\t\n\t\t\t<div class=\"ivan-button-wrapper btn-inline primary-bg vc_1552854332469\"  data-wow-delay=\"0ms\" data-wow-iteration=\"1\" >\n\t\t\t\t<a href=\"https:\/\/www.mc-events.eu\/it\/\" class=\"ivan-button   round-square  with-text primary-bg\"><span class=\"text-btn\">Home<\/span><\/a>\n\t\t\t<\/div>\n\n\t\t\t\n\t\t\t\n\t\t<\/div> <!-- END .wpb_wrapper -->\n\t<\/div> <!-- END  wpb_column vc_column_container  -->\n<\/div><\/div>","protected":false},"excerpt":{"rendered":"Datenschutzerkl\u00e4rung Wir haben diese Datenschutzerkl\u00e4rung (Fassung 13.11.2018-211078752) verfasst, um Ihnen gem\u00e4\u00df der Vorgaben der Datenschutz-Grundverordnung (EU) 2016\/679 und dem\u00a0Datenschutzgesetz (DSG)\u00a0zu erkl\u00e4ren, welche Informationen wir sammeln, wie wir Daten verwenden und welche Entscheidungsm\u00f6glichkeiten Sie als Besucher dieser Webseite haben. Leider liegt es in der Natur der Sache, dass diese Erkl\u00e4rungen sehr technisch klingen, wir haben uns [...]","protected":false},"author":2,"featured_media":0,"parent":0,"menu_order":0,"comment_status":"closed","ping_status":"closed","template":"","meta":[],"_links":{"self":[{"href":"https:\/\/www.mc-events.eu\/it\/wp-json\/wp\/v2\/pages\/10"}],"collection":[{"href":"https:\/\/www.mc-events.eu\/it\/wp-json\/wp\/v2\/pages"}],"about":[{"href":"https:\/\/www.mc-events.eu\/it\/wp-json\/wp\/v2\/types\/page"}],"author":[{"embeddable":true,"href":"https:\/\/www.mc-events.eu\/it\/wp-json\/wp\/v2\/users\/2"}],"replies":[{"embeddable":true,"href":"https:\/\/www.mc-events.eu\/it\/wp-json\/wp\/v2\/comments?post=10"}],"version-history":[{"count":0,"href":"https:\/\/www.mc-events.eu\/it\/wp-json\/wp\/v2\/pages\/10\/revisions"}],"wp:attachment":[{"href":"https:\/\/www.mc-events.eu\/it\/wp-json\/wp\/v2\/media?parent=10"}],"curies":[{"name":"wp","href":"https:\/\/api.w.org\/{rel}","templated":true}]}}